{"id":7,"date":"2024-05-10T18:12:28","date_gmt":"2024-05-10T23:12:28","guid":{"rendered":"https:\/\/entornolegal.solucionsoft.com\/?page_id=7"},"modified":"2024-05-23T10:47:00","modified_gmt":"2024-05-23T15:47:00","slug":"nosotros","status":"publish","type":"page","link":"https:\/\/entornolegal.solucionsoft.com\/?page_id=7","title":{"rendered":"Nosotros"},"content":{"rendered":"\n<p>Nos especializamos en proporcionar consultor\u00eda legal a peque\u00f1as y medianas empresas, con un \u00e9nfasis en el sector constructor, manufacturero y de servicios.<\/p>\n\n\n\n<p>Nuestro objetivo es ofrecer un respaldo integral que permita a nuestros clientes desarrollar sus actividades comerciales con tranquilidad y seguridad durante toda su trayectoria.<\/p>\n\n\n\n<p>Entorno Legal es liderado por el abogado; Nehem\u00edas Cabezas, especialista en derecho administrativo de la Universidad Militar Nueva Granada, con formaci\u00f3n en derecho comercial, laboral y una vasta experiencia en el sector empresarial.<\/p>\n","protected":false},"excerpt":{"rendered":"<p>Nos especializamos en proporcionar consultor\u00eda legal a peque\u00f1as y medianas empresas, con un \u00e9nfasis en el sector constructor, manufacturero y de servicios. Nuestro objetivo es ofrecer un respaldo integral que permita a nuestros clientes desarrollar sus actividades comerciales con tranquilidad y seguridad durante toda su trayectoria. Entorno Legal es liderado por el abogado; Nehem\u00edas Cabezas, [&hellip;]<\/p>\n","protected":false},"author":1,"featured_media":0,"parent":0,"menu_order":0,"comment_status":"closed","ping_status":"closed","template":"","meta":{"footnotes":""},"_links":{"self":[{"href":"https:\/\/entornolegal.solucionsoft.com\/index.php?rest_route=\/wp\/v2\/pages\/7"}],"collection":[{"href":"https:\/\/entornolegal.solucionsoft.com\/index.php?rest_route=\/wp\/v2\/pages"}],"about":[{"href":"https:\/\/entornolegal.solucionsoft.com\/index.php?rest_route=\/wp\/v2\/types\/page"}],"author":[{"embeddable":true,"href":"https:\/\/entornolegal.solucionsoft.com\/index.php?rest_route=\/wp\/v2\/users\/1"}],"replies":[{"embeddable":true,"href":"https:\/\/entornolegal.solucionsoft.com\/index.php?rest_route=%2Fwp%2Fv2%2Fcomments&post=7"}],"version-history":[{"count":6,"href":"https:\/\/entornolegal.solucionsoft.com\/index.php?rest_route=\/wp\/v2\/pages\/7\/revisions"}],"predecessor-version":[{"id":66,"href":"https:\/\/entornolegal.solucionsoft.com\/index.php?rest_route=\/wp\/v2\/pages\/7\/revisions\/66"}],"wp:attachment":[{"href":"https:\/\/entornolegal.solucionsoft.com\/index.php?rest_route=%2Fwp%2Fv2%2Fmedia&parent=7"}],"curies":[{"name":"wp","href":"https:\/\/api.w.org\/{rel}","templated":true}]}}